{"id":301,"date":"2021-05-16T18:47:52","date_gmt":"2021-05-16T16:47:52","guid":{"rendered":"https:\/\/www.andrs-glauben.de\/?page_id=301"},"modified":"2025-12-26T19:02:16","modified_gmt":"2025-12-26T17:02:16","slug":"ueber-mich-2","status":"publish","type":"page","link":"https:\/\/www.andrs-glauben.de\/?page_id=301","title":{"rendered":"\u00dcber mich&#8230;"},"content":{"rendered":"<div class=\"wp-block-image\">\n<figure class=\"alignright size-full is-resized\"><img loading=\"lazy\" decoding=\"async\" width=\"961\" height=\"961\" src=\"https:\/\/www.andrs-glauben.de\/wp-content\/uploads\/2025\/12\/20250713_quadrat.jpg\" alt=\"Andreas Hahne mit Hut und Sakko lehnt an einer Wand\" class=\"wp-image-479\" style=\"width:300px\" srcset=\"https:\/\/www.andrs-glauben.de\/wp-content\/uploads\/2025\/12\/20250713_quadrat.jpg 961w, https:\/\/www.andrs-glauben.de\/wp-content\/uploads\/2025\/12\/20250713_quadrat-300x300.jpg 300w, https:\/\/www.andrs-glauben.de\/wp-content\/uploads\/2025\/12\/20250713_quadrat-150x150.jpg 150w, https:\/\/www.andrs-glauben.de\/wp-content\/uploads\/2025\/12\/20250713_quadrat-768x768.jpg 768w, https:\/\/www.andrs-glauben.de\/wp-content\/uploads\/2025\/12\/20250713_quadrat-75x75.jpg 75w\" sizes=\"auto, (max-width: 961px) 100vw, 961px\" \/><\/figure>\n<\/div>\n\n\n<p>Ich bin 1984 in D\u00fcren geboren und habe die meiste Zeit meines Lebens im Rheinland verbracht. Wie sehr mich das gepr\u00e4gt hat, merke ich besonders, seitdem ich 2017 nach Frankfurt gezogen bin. Hier habe ich im Sommer 2021 mein Zweitstudium in katholischer Theologie abgeschlossen &#8211; genauer gesagt an der Philosophisch-Theologischen Hochschule Sankt Georgen. Seit 2023 bin ich Priester im Bistum Aachen. Nach zwei Jahren in Kall in der Eifel bin ich seit 2023 Kaplan in Viersen.<\/p>\n\n\n\n<p class=\"has-text-align-left\">Bevor ich mich auf den Weg zu Priesterweihe gemacht habe, habe ich zun\u00e4chst an der RWTH Aachen Informatik studiert und nach meinem Abschluss bei einer Firma in K\u00f6ln als Software-Entwickler, Projektleiter und IT-Berater gearbeitet. Der Wechsel war das Ergebnis eines langen Entscheidungsprozesses, aber dar\u00fcber werde ich wohl einmal einen separaten Artikel schreiben. Jedenfalls habe ich die Entscheidung nie bereut.<\/p>\n\n\n\n<p>Besch\u00e4ftigen m\u00f6chte ich mich auf dieser Seite besonders mit Glauben, Theologie und Kirche. Ich m\u00f6chte versuchen zu erkl\u00e4ren, warum ich mich f\u00fcr diesen Weg entschieden habe, obwohl Vieles in der Organisation Kirche gerade dagegen spricht (Beg\u00fcnstigung von Missbrauch, Sexualmoral, Gleichberechtigung von Frauen, &#8230;). Ich nehme diese Zeit umgekehrt auch als eine sehr spannende und richtungsweisende wahr, in der viele Gestaltungsspielr\u00e4ume entstehen.<\/p>\n","protected":false},"excerpt":{"rendered":"<p>Ich bin 1984 in D\u00fcren geboren und habe die meiste Zeit meines Lebens im Rheinland verbracht. Wie sehr mich das gepr\u00e4gt hat, merke ich besonders, seitdem ich 2017 nach Frankfurt gezogen bin. Hier habe ich im Sommer 2021 mein Zweitstudium in katholischer Theologie abgeschlossen &#8211; genauer gesagt an der Philosophisch-Theologischen Hochschule Sankt Georgen. Seit 2023 bin ich Priester im Bistum Aachen. Nach zwei Jahren in Kall in der Eifel bin ich seit 2023 Kaplan in Viersen. Bevor ich mich auf den Weg zu Priesterweihe gemacht habe, habe ich zun\u00e4chst an der RWTH Aachen Informatik studiert und nach meinem Abschluss bei einer Firma in K\u00f6ln als Software-Entwickler, Projektleiter und IT-Berater gearbeitet. Der Wechsel war das Ergebnis eines langen Entscheidungsprozesses, aber dar\u00fcber werde ich wohl einmal einen separaten Artikel schreiben. Jedenfalls habe ich die Entscheidung nie bereut. Besch\u00e4ftigen m\u00f6chte ich mich auf dieser Seite besonders mit Glauben, Theologie und Kirche. Ich m\u00f6chte versuchen zu erkl\u00e4ren, warum ich mich f\u00fcr diesen Weg entschieden habe, obwohl Vieles in der Organisation Kirche gerade dagegen spricht (Beg\u00fcnstigung von Missbrauch, Sexualmoral, Gleichberechtigung von Frauen, &#8230;). Ich nehme diese Zeit umgekehrt auch als eine sehr spannende und richtungsweisende wahr, in der viele Gestaltungsspielr\u00e4ume entstehen.<\/p>\n","protected":false},"author":1,"featured_media":0,"parent":0,"menu_order":0,"comment_status":"closed","ping_status":"closed","template":"","meta":{"footnotes":""},"class_list":["post-301","page","type-page","status-publish","hentry"],"_links":{"self":[{"href":"https:\/\/www.andrs-glauben.de\/index.php?rest_route=\/wp\/v2\/pages\/301","targetHints":{"allow":["GET"]}}],"collection":[{"href":"https:\/\/www.andrs-glauben.de\/index.php?rest_route=\/wp\/v2\/pages"}],"about":[{"href":"https:\/\/www.andrs-glauben.de\/index.php?rest_route=\/wp\/v2\/types\/page"}],"author":[{"embeddable":true,"href":"https:\/\/www.andrs-glauben.de\/index.php?rest_route=\/wp\/v2\/users\/1"}],"replies":[{"embeddable":true,"href":"https:\/\/www.andrs-glauben.de\/index.php?rest_route=%2Fwp%2Fv2%2Fcomments&post=301"}],"version-history":[{"count":9,"href":"https:\/\/www.andrs-glauben.de\/index.php?rest_route=\/wp\/v2\/pages\/301\/revisions"}],"predecessor-version":[{"id":484,"href":"https:\/\/www.andrs-glauben.de\/index.php?rest_route=\/wp\/v2\/pages\/301\/revisions\/484"}],"wp:attachment":[{"href":"https:\/\/www.andrs-glauben.de\/index.php?rest_route=%2Fwp%2Fv2%2Fmedia&parent=301"}],"curies":[{"name":"wp","href":"https:\/\/api.w.org\/{rel}","templated":true}]}}